{"id":1356,"date":"2025-07-28T14:18:17","date_gmt":"2025-07-28T12:18:17","guid":{"rendered":"https:\/\/scharfrechtsanwaelte.notarwebsite.de\/?page_id=1356"},"modified":"2026-03-23T11:03:17","modified_gmt":"2026-03-23T10:03:17","slug":"stiftungsrecht","status":"publish","type":"page","link":"https:\/\/www.scharfrechtsanwaelte.de\/en\/rechtsgebiete\/stiftungsrecht\/","title":{"rendered":"Foundation law"},"content":{"rendered":"<h1>Foundation law<\/h1>\n<h2>\n\t\tStiftungsrecht: Ihr Anwalt f\u00fcr Stiftung gr\u00fcnden &#038; Verm\u00f6gensnachfolge\n\t<\/h2>\n<h4>\n\t\tAdvice on foundation law for family and charitable foundations\n\t<\/h4>\n\t<p>Establishing a foundation is a far-reaching life decision. At the same time, foundation law is complex. Professional legal advice is therefore essential in order to set up your foundation in a legally and tax-compliant manner and to structure it optimally. Our foundation law lawyer will support you in successfully setting up your family foundation or charitable foundation and securing it for the long term.<\/p>\n<h4>\n\t\tCertified expertise in foundation law and succession planning\n\t<\/h4>\n\t<p>We offer you qualified support in matters of foundation law and asset succession. Our law firm combines legal and tax expertise, precisely tailored to your objectives, be it the preservation of the founder's will, the safeguarding of family assets or the promotion of charitable purposes.<\/p>\n<h4>\n\t\tEstablish a foundation: Succession and asset protection\n\t<\/h4>\n\t<p>Eine Stiftung eignet sich sowohl f\u00fcr altruistische Zwecke als auch f\u00fcr private Ziele der Verm\u00f6gensnachfolge. So werden gemeinn\u00fctzige Stiftungen wegen ihrer steuerlichen Vorteile und zur langfristigen F\u00f6rderung gesellschaftlicher Anliegen gegr\u00fcndet, w\u00e4hrend Familienstiftungen oft der Bewahrung des Familienverm\u00f6gens dienen. Durch eine geschickte Nachfolgeplanung mit Stiftungen k\u00f6nnen Verm\u00f6genswerte effektiv vor Zugriffen gesch\u00fctzt und \u00fcber Generationen erhalten werden. Wir zeigen Ihnen, wie Sie Ihre Verm\u00f6gensnachfolge mithilfe einer Stiftung planen und umsetzen k\u00f6nnen &#8211; rechtssicher, nachhaltig und Ihren individuellen Vorstellungen entsprechend.<\/p>\n<h4>\n\t\tWhat we can support you with, among other things:\n\t<\/h4>\n\t\t\t\t\t\t<h4>Foundation consulting for foundations<\/h4>\n\t\t\t<p>Comprehensive advice on setting up a foundation (family foundation or charitable foundation), from the initial idea to choosing the right type of foundation to recognition by the authorities. We accompany founders all the way, either during their lifetime or as a foundation upon death.<\/p>\n\t\t\t\t\t\t<h4>Drafting of foundation statutes &amp; foundation business<\/h4>\n\t\t\t<p>Drafting and reviewing your foundation statutes and the foundation agreement (or trust agreement or will in the case of disposition upon death) in order to clearly and bindingly record the founder's wishes.<\/p>\n\t\t\t\t\t\t<h4>Legal and tax structuring<\/h4>\n\t\t\t<p>Complete solutions for the establishment of your foundation, including coordination with the foundation supervisory authority and tax office to ensure smooth recognition and tax privileges. We provide a tailor-made, tax-optimized structure.<\/p>\n\t\t\t\t\t\t<h4>Succession &amp; Asset Protection<\/h4>\n\t\t\t<p>Strategic planning of the transfer of assets to the foundation for long-term asset protection. We develop concepts on how you can protect your assets against risks and preserve them for future generations by means of a foundation.<\/p>\n<h4>\n\t\tJetzt beraten lassen &#8211; Kontaktaufnahme leicht gemacht\n\t<\/h4>\n\t<p>Unsere Erfahrung im Stiftungsrecht gibt Ihnen die Sicherheit, dass Ihr Stiftungsprojekt in guten H\u00e4nden ist. Wir legen Wert auf eine pers\u00f6nliche, vertrauensvolle Betreuung und erkl\u00e4ren Ihnen jeden Schritt verst\u00e4ndlich. Ob Sie eine Stiftung gr\u00fcnden m\u00f6chten oder Ihre Verm\u00f6gensnachfolge mit einer Stiftung regeln wollen &#8211; z\u00f6gern Sie nicht, uns zu kontaktieren. <strong>Get in touch today without obligation<\/strong>to discuss your concerns and lay the foundations for your foundation. We look forward to getting to know you and assisting you with your foundation law project.<\/p>\n<h2>\n\t\t<a href=\"https:\/\/www.scharfrechtsanwaelte.de\/en\/anwaelte\/jan-hindahl\/\" title=\"Jan Hindahl\" target=\"_self\">\n\t\tJan Hindahl\n\t\t<\/a>\n\t<\/h2>\n\t<p>Lawyer, specialist lawyer for inheritance law, specialist lawyer for tax law, cert. Foundation consultant (FSU Jena), cert. Consultant for tax succession planning (DANSEF e.V.).<\/p>\n\t Please contact <b>Maike Vakulenko<\/b>to make an appointment for an initial consultation.","protected":false},"excerpt":{"rendered":"<p>Stiftungsrecht Stiftungsrecht: Ihr Anwalt f\u00fcr Stiftung gr\u00fcnden &#038; Verm\u00f6gensnachfolge Stiftungsrechtliche Beratung f\u00fcr Familien- und gemeinn\u00fctzige Stiftungen Die Gr\u00fcndung einer Stiftung ist eine weitreichende Lebensentscheidung. Gleichzeitig ist das Stiftungsrecht komplex. Eine professionelle anwaltliche Beratung ist daher unerl\u00e4sslich, um Ihre Stiftung rechts- und steuerkonform ins Leben zu rufen und optimal auszugestalten. Unser Rechtsanwalt f\u00fcr Stiftungsrecht unterst\u00fctzt Sie&hellip;<\/p>","protected":false},"author":1,"featured_media":0,"parent":1345,"menu_order":0,"comment_status":"closed","ping_status":"closed","template":"","meta":{"footnotes":""},"class_list":["post-1356","page","type-page","status-publish","hentry"],"_links":{"self":[{"href":"https:\/\/www.scharfrechtsanwaelte.de\/en\/wp-json\/wp\/v2\/pages\/1356","targetHints":{"allow":["GET"]}}],"collection":[{"href":"https:\/\/www.scharfrechtsanwaelte.de\/en\/wp-json\/wp\/v2\/pages"}],"about":[{"href":"https:\/\/www.scharfrechtsanwaelte.de\/en\/wp-json\/wp\/v2\/types\/page"}],"author":[{"embeddable":true,"href":"https:\/\/www.scharfrechtsanwaelte.de\/en\/wp-json\/wp\/v2\/users\/1"}],"replies":[{"embeddable":true,"href":"https:\/\/www.scharfrechtsanwaelte.de\/en\/wp-json\/wp\/v2\/comments?post=1356"}],"version-history":[{"count":2,"href":"https:\/\/www.scharfrechtsanwaelte.de\/en\/wp-json\/wp\/v2\/pages\/1356\/revisions"}],"predecessor-version":[{"id":2706,"href":"https:\/\/www.scharfrechtsanwaelte.de\/en\/wp-json\/wp\/v2\/pages\/1356\/revisions\/2706"}],"up":[{"embeddable":true,"href":"https:\/\/www.scharfrechtsanwaelte.de\/en\/wp-json\/wp\/v2\/pages\/1345"}],"wp:attachment":[{"href":"https:\/\/www.scharfrechtsanwaelte.de\/en\/wp-json\/wp\/v2\/media?parent=1356"}],"curies":[{"name":"wp","href":"https:\/\/api.w.org\/{rel}","templated":true}]}}